{"id":219,"date":"2023-02-07T08:58:07","date_gmt":"2023-02-07T07:58:07","guid":{"rendered":"https:\/\/wpdev.einsamobile.de\/?page_id=219"},"modified":"2025-10-29T17:56:11","modified_gmt":"2025-10-29T16:56:11","slug":"impressum","status":"publish","type":"page","link":"https:\/\/einsamobile.de\/en\/impressum\/","title":{"rendered":"Imprint"},"content":{"rendered":"<div data-elementor-type=\"wp-page\" data-elementor-id=\"219\" class=\"elementor elementor-219\" data-elementor-post-type=\"page\">\n\t\t\t\t\t\t<section class=\"elementor-section elementor-top-section elementor-element elementor-element-6f1d609 elementor-section-height-min-height elementor-section-boxed elementor-section-height-default elementor-section-items-middle\" data-id=\"6f1d609\" data-element_type=\"section\" data-settings=\"{&quot;background_background&quot;:&quot;classic&quot;}\">\n\t\t\t\t\t\t<div class=\"elementor-container elementor-column-gap-default\">\n\t\t\t\t\t<div class=\"elementor-column elementor-col-100 elementor-top-column elementor-element elementor-element-020d12f\" data-id=\"020d12f\" data-element_type=\"column\">\n\t\t\t<div class=\"elementor-widget-wrap elementor-element-populated\">\n\t\t\t\t\t\t<section class=\"elementor-section elementor-inner-section elementor-element elementor-element-9063995 elementor-section-boxed elementor-section-height-default elementor-section-height-default\" data-id=\"9063995\" data-element_type=\"section\">\n\t\t\t\t\t\t<div class=\"elementor-container elementor-column-gap-default\">\n\t\t\t\t\t<div class=\"elementor-column elementor-col-100 elementor-inner-column elementor-element elementor-element-1faf1d2\" data-id=\"1faf1d2\" data-element_type=\"column\">\n\t\t\t<div class=\"elementor-widget-wrap elementor-element-populated\">\n\t\t\t\t\t\t<div class=\"elementor-element elementor-element-c3c8fce elementor-widget elementor-widget-spacer\" data-id=\"c3c8fce\" data-element_type=\"widget\" data-widget_type=\"spacer.default\">\n\t\t\t\t<div class=\"elementor-widget-container\">\n\t\t\t\t\t\t\t<div class=\"elementor-spacer\">\n\t\t\t<div class=\"elementor-spacer-inner\"><\/div>\n\t\t<\/div>\n\t\t\t\t\t\t<\/div>\n\t\t\t\t<\/div>\n\t\t\t\t<div class=\"elementor-element elementor-element-b463391 elementor-widget elementor-widget-heading\" data-id=\"b463391\" data-element_type=\"widget\" data-widget_type=\"heading.default\">\n\t\t\t\t<div class=\"elementor-widget-container\">\n\t\t\t\t\t<h2 class=\"elementor-heading-title elementor-size-default\">Imprint<\/h2>\t\t\t\t<\/div>\n\t\t\t\t<\/div>\n\t\t\t\t<div class=\"elementor-element elementor-element-f9d07f6 elementor-widget-divider--view-line elementor-widget elementor-widget-divider\" data-id=\"f9d07f6\" data-element_type=\"widget\" data-widget_type=\"divider.default\">\n\t\t\t\t<div class=\"elementor-widget-container\">\n\t\t\t\t\t\t\t<div class=\"elementor-divider\">\n\t\t\t<span class=\"elementor-divider-separator\">\n\t\t\t\t\t\t<\/span>\n\t\t<\/div>\n\t\t\t\t\t\t<\/div>\n\t\t\t\t<\/div>\n\t\t\t\t<div class=\"elementor-element elementor-element-962374c elementor-widget elementor-widget-spacer\" data-id=\"962374c\" data-element_type=\"widget\" data-widget_type=\"spacer.default\">\n\t\t\t\t<div class=\"elementor-widget-container\">\n\t\t\t\t\t\t\t<div class=\"elementor-spacer\">\n\t\t\t<div class=\"elementor-spacer-inner\"><\/div>\n\t\t<\/div>\n\t\t\t\t\t\t<\/div>\n\t\t\t\t<\/div>\n\t\t\t\t\t<\/div>\n\t\t<\/div>\n\t\t\t\t\t<\/div>\n\t\t<\/section>\n\t\t\t\t<section class=\"elementor-section elementor-inner-section elementor-element elementor-element-ccb43e8 elementor-section-boxed elementor-section-height-default elementor-section-height-default\" data-id=\"ccb43e8\" data-element_type=\"section\">\n\t\t\t\t\t\t<div class=\"elementor-container elementor-column-gap-default\">\n\t\t\t\t\t<div class=\"elementor-column elementor-col-50 elementor-inner-column elementor-element elementor-element-27ef8c4\" data-id=\"27ef8c4\" data-element_type=\"column\">\n\t\t\t<div class=\"elementor-widget-wrap elementor-element-populated\">\n\t\t\t\t\t\t<div class=\"elementor-element elementor-element-8b8f368 elementor-widget elementor-widget-text-editor\" data-id=\"8b8f368\" data-element_type=\"widget\" data-widget_type=\"text-editor.default\">\n\t\t\t\t<div class=\"elementor-widget-container\">\n\t\t\t\t\t\t\t\t\t<p><strong>einsAmobile GmbH<\/strong><\/p><p>Dipl.-Ing. Murat Ayhan<br \/><span class=\"ui-provider fz b c d e f g h i j k l m n o p q r s t u v w x y z ab ac ae af ag ah ai aj ak\" dir=\"ltr\">Dipl.-Kfm. Ralf Grundhoff<\/span><br \/>Samerwiesen 6<\/p><p>63179 Obertshausen<br \/>Germany<\/p>\t\t\t\t\t\t\t\t<\/div>\n\t\t\t\t<\/div>\n\t\t\t\t\t<\/div>\n\t\t<\/div>\n\t\t\t\t<div class=\"elementor-column elementor-col-50 elementor-inner-column elementor-element elementor-element-3d88449\" data-id=\"3d88449\" data-element_type=\"column\">\n\t\t\t<div class=\"elementor-widget-wrap elementor-element-populated\">\n\t\t\t\t\t\t<div class=\"elementor-element elementor-element-fcf1dd8 elementor-widget__width-auto elementor-widget elementor-widget-text-editor\" data-id=\"fcf1dd8\" data-element_type=\"widget\" data-widget_type=\"text-editor.default\">\n\t\t\t\t<div class=\"elementor-widget-container\">\n\t\t\t\t\t\t\t\t\t<p><strong>E-Mail:<\/strong><br \/><strong>E-Mail Sales:<\/strong><br \/><strong>Web:<\/strong><\/p><p><strong>Tel.:<\/strong><br \/><strong>Fax:<\/strong><\/p>\t\t\t\t\t\t\t\t<\/div>\n\t\t\t\t<\/div>\n\t\t\t\t<div class=\"elementor-element elementor-element-2a65e1f elementor-widget__width-auto elementor-widget elementor-widget-text-editor\" data-id=\"2a65e1f\" data-element_type=\"widget\" data-widget_type=\"text-editor.default\">\n\t\t\t\t<div class=\"elementor-widget-container\">\n\t\t\t\t\t\t\t\t\t<p><b><a href=\"mailto:kontakt@einsamobile.de\">kontakt@einsamobile.de<\/a><br \/><a href=\"mailto:support@einsamobile.de\">support@einsamobile.de<\/a><br \/><a href=\"https:\/\/einsamobile.de\/en\/\">www.einsamobile.de<\/a><\/b><\/p><p><a href=\"tel:+49610440570\">+49 (0) 6104 \/ 4057 \u2013 0 (Central) \u2013 300 (Sales)<\/a><br \/><a href=\"tel:+4961044057709\">+49 (0) 6104 \/ 4057 \u2013 709 (Central)<\/a><\/p>\t\t\t\t\t\t\t\t<\/div>\n\t\t\t\t<\/div>\n\t\t\t\t\t<\/div>\n\t\t<\/div>\n\t\t\t\t\t<\/div>\n\t\t<\/section>\n\t\t\t\t<section class=\"elementor-section elementor-inner-section elementor-element elementor-element-df0f1a2 elementor-section-boxed elementor-section-height-default elementor-section-height-default\" data-id=\"df0f1a2\" data-element_type=\"section\">\n\t\t\t\t\t\t<div class=\"elementor-container elementor-column-gap-default\">\n\t\t\t\t\t<div class=\"elementor-column elementor-col-100 elementor-inner-column elementor-element elementor-element-4b48acf\" data-id=\"4b48acf\" data-element_type=\"column\">\n\t\t\t<div class=\"elementor-widget-wrap elementor-element-populated\">\n\t\t\t\t\t\t<div class=\"elementor-element elementor-element-cdecfbf elementor-widget elementor-widget-spacer\" data-id=\"cdecfbf\" data-element_type=\"widget\" data-widget_type=\"spacer.default\">\n\t\t\t\t<div class=\"elementor-widget-container\">\n\t\t\t\t\t\t\t<div class=\"elementor-spacer\">\n\t\t\t<div class=\"elementor-spacer-inner\"><\/div>\n\t\t<\/div>\n\t\t\t\t\t\t<\/div>\n\t\t\t\t<\/div>\n\t\t\t\t\t<\/div>\n\t\t<\/div>\n\t\t\t\t\t<\/div>\n\t\t<\/section>\n\t\t\t\t<section class=\"elementor-section elementor-inner-section elementor-element elementor-element-ffa657d elementor-section-boxed elementor-section-height-default elementor-section-height-default\" data-id=\"ffa657d\" data-element_type=\"section\">\n\t\t\t\t\t\t<div class=\"elementor-container elementor-column-gap-default\">\n\t\t\t\t\t<div class=\"elementor-column elementor-col-100 elementor-inner-column elementor-element elementor-element-b6abe05\" data-id=\"b6abe05\" data-element_type=\"column\">\n\t\t\t<div class=\"elementor-widget-wrap elementor-element-populated\">\n\t\t\t\t\t\t<div class=\"elementor-element elementor-element-7f089a6 elementor-widget elementor-widget-text-editor\" data-id=\"7f089a6\" data-element_type=\"widget\" data-widget_type=\"text-editor.default\">\n\t\t\t\t<div class=\"elementor-widget-container\">\n\t\t\t\t\t\t\t\t\t<p>Responsible for content according to \u00a7 55 paragraph 2 Rundfunk-Staatsvertrag (RStV)<br \/>Dipl.-Ing. Murat Ayhan,\u00a0<span style=\"color: var( --e-global-color-text ); font-family: var( --e-global-typography-text-font-family ), Sans-serif; font-weight: var( --e-global-typography-text-font-weight );\">Dipl.-Kfm. Ralf Grundhoff<\/span><\/p><p><strong>Represented by:<\/strong><br \/>Dipl.-Ing. Murat Ayhan,\u00a0<span style=\"color: var( --e-global-color-text ); font-family: var( --e-global-typography-text-font-family ), Sans-serif; font-weight: var( --e-global-typography-text-font-weight );\">Dipl.-Kfm. Ralf Grundhoff<\/span><\/p><p>Register number: HRB 41574<br \/>Register court: AG Offenbach am Main<\/p><p>USt-IdNr.: DE241316646<br \/>WEEE-RegNr. DE 82197787<\/p><p><strong>Information obligations pursuant to \u00a7 18 para. 4 sentence 3 of the Electrical and Electronic Equipment Act:<\/strong><\/p><p><span style=\"text-decoration: underline;\"><a href=\"https:\/\/www.bmuv.de\/themen\/wasser-ressourcen-abfall\/kreislaufwirtschaft\/statistiken\/elektro-und-elektronikaltgeraete\" target=\"_blank\" rel=\"noopener\">https:\/\/www.bmuv.de\/themen\/wasser-ressourcen-abfall\/kreislaufwirtschaft\/statistiken\/elektro-und-elektronikaltgeraete<\/a><\/span><\/p><p><strong>Dispute resolution:<\/strong><\/p><p>The EU Commission has discontinued the online dispute resolution (ODR) platform as of July 20, 2025.<\/p><p><strong>Notice pursuant to Section 36 of the Consumer Dispute Resolution Act (VSBG):<\/strong><\/p><p>einsAmobile GmbH will not participate in dispute resolution proceedings before a consumer arbitration board within the meaning of the VSBG (Consumer Dispute Resolution Act) and is not obliged to do so.<\/p><p><strong>Legal information:<\/strong><\/p><p>Legal information on the use of the einsAmobile GmbH website. The use of this website is subject to the following provisions, which you agree to by accessing this website:<\/p><p><strong>Copyright:<\/strong><\/p><p>These web pages are intended to provide information about einsAmobile GmbH and its products. The texts, images, graphics and layout as well as the entire graphic design of these pages may only be used with written consent.<\/p><p>The entire content of the pages may not be copied, distributed or modified for commercial purposes. The downloading and printing of texts, images and graphic elements is only permitted for personal, private and non-commercial use. Reproduction of graphics, images and texts in other electronic or printed publications is only permitted with the written consent of einsAmobile GmbH.<\/p><p><strong>Disclaimer for information:<\/strong><\/p><p>The contents of this website are for general information purposes only. Although all information has been checked for accuracy and completeness, it may nevertheless contain errors or inaccuracies. Therefore, einsAmobile GmbH assumes no liability for material or immaterial damage resulting from the use of incorrect or incomplete information on this website with regard to the accuracy, completeness and topicality of its web pages.<\/p><p>einsAmobile GmbH expressly reserves the right to change, supplement or delete parts of the pages or the entire offer without prior notice or to cease publication temporarily or permanently.<\/p><p>Die Inhalte dieser Website richten sich alleine an gewerbsm\u00e4\u00dfig handelnde Kunden. Offentlich zug\u00e4ngliche Informationen dienen der Illustration und stellen keine Angebote f\u00fcr Privatkunden dar.<\/p><p><strong>Disclaimer for links:<\/strong><\/p><p>einsAmobile GmbH makes every effort to check the content of external websites to which direct or indirect links are provided on its website. Links are only created if the linked page does not contain any illegal content at the time the link is created. Since changes to this content are beyond the control of einsAmobile GmbH, no liability can be accepted for third-party content that has changed since the link was created.<\/p><p>einsAmobile GmbH therefore expressly declares that it does not adopt the content of the linked pages as its own. The provider of the linked site is solely liable for any damage resulting from the use of these external sites.<\/p><p><strong>Data Privacy:<\/strong><\/p><p>Insofar as it is possible to enter personal or business data on the einsAmobile GmbH website, this data is provided by the user on an expressly voluntary basis. einsAmobile GmbH expressly declares that this data will only be used for the stated purpose and will not be passed on to third parties. All data will be treated confidentially in accordance with the applicable data protection regulations.<\/p>\t\t\t\t\t\t\t\t<\/div>\n\t\t\t\t<\/div>\n\t\t\t\t\t<\/div>\n\t\t<\/div>\n\t\t\t\t\t<\/div>\n\t\t<\/section>\n\t\t\t\t\t<\/div>\n\t\t<\/div>\n\t\t\t\t\t<\/div>\n\t\t<\/section>\n\t\t\t\t<\/div>","protected":false},"excerpt":{"rendered":"<p>Impressum einsAmobile GmbH Dipl.-Ing. Murat AyhanDipl.-Kfm. Ralf GrundhoffSamerwiesen 6 63179 ObertshausenGermany E-Mail:E-Mail Vertrieb:Web: Tel.:Fax: kontakt@einsamobile.desupport@einsamobile.dewww.einsamobile.de +49 (0) 6104 \/ 4057 &#8211; 0 (Zentrale) &#8211; 300 (Vertrieb)+49 (0) 6104 \/ 4057 &#8211; 709 (Zentrale) Inhaltlich Verantwortlicher gem\u00e4\u00df \u00a7 55 Absatz 2 Rundfunk-Staatsvertrag (RStV)Dipl.-Ing. Murat Ayhan,\u00a0Dipl.-Kfm. Ralf Grundhoff Vertreten durch:Dipl.-Ing. Murat Ayhan,\u00a0Dipl.-Kfm. Ralf Grundhoff Registernummer: HRB 41574Registergericht: &#8230; <a title=\"Imprint\" class=\"read-more\" href=\"https:\/\/einsamobile.de\/en\/impressum\/\" aria-label=\"Read more about Impressum\">Read more<\/a><\/p>","protected":false},"author":1,"featured_media":0,"parent":0,"menu_order":0,"comment_status":"closed","ping_status":"closed","template":"elementor_header_footer","meta":{"footnotes":""},"class_list":["post-219","page","type-page","status-publish"],"yoast_head":"<!-- This site is optimized with the Yoast SEO plugin v27.6 - https:\/\/yoast.com\/product\/yoast-seo-wordpress\/ -->\n<title>Impressum - einsAmobile.de<\/title>\n<meta name=\"robots\" content=\"index, follow, max-snippet:-1, max-image-preview:large, max-video-preview:-1\" \/>\n<link rel=\"canonical\" href=\"https:\/\/einsamobile.de\/en\/impressum\/\" \/>\n<meta property=\"og:locale\" content=\"en_US\" \/>\n<meta property=\"og:type\" content=\"article\" \/>\n<meta property=\"og:title\" content=\"Impressum - einsAmobile.de\" \/>\n<meta property=\"og:description\" content=\"Impressum einsAmobile GmbH Dipl.-Ing. Murat AyhanDipl.-Kfm. Ralf GrundhoffSamerwiesen 6 63179 ObertshausenGermany E-Mail:E-Mail Vertrieb:Web: Tel.:Fax: kontakt@einsamobile.desupport@einsamobile.dewww.einsamobile.de +49 (0) 6104 \/ 4057 &#8211; 0 (Zentrale) &#8211; 300 (Vertrieb)+49 (0) 6104 \/ 4057 &#8211; 709 (Zentrale) Inhaltlich Verantwortlicher gem\u00e4\u00df \u00a7 55 Absatz 2 Rundfunk-Staatsvertrag (RStV)Dipl.-Ing. Murat Ayhan,\u00a0Dipl.-Kfm. Ralf Grundhoff Vertreten durch:Dipl.-Ing. Murat Ayhan,\u00a0Dipl.-Kfm. Ralf Grundhoff Registernummer: HRB 41574Registergericht: ... Read more\" \/>\n<meta property=\"og:url\" content=\"https:\/\/einsamobile.de\/en\/impressum\/\" \/>\n<meta property=\"og:site_name\" content=\"einsAmobile.de\" \/>\n<meta property=\"article:publisher\" content=\"https:\/\/www.facebook.com\/einsAmobile\/\" \/>\n<meta property=\"article:modified_time\" content=\"2025-10-29T16:56:11+00:00\" \/>\n<meta name=\"twitter:card\" content=\"summary_large_image\" \/>\n<meta name=\"twitter:label1\" content=\"Est. reading time\" \/>\n\t<meta name=\"twitter:data1\" content=\"3 minutes\" \/>\n<script type=\"application\/ld+json\" class=\"yoast-schema-graph\">{\"@context\":\"https:\\\/\\\/schema.org\",\"@graph\":[{\"@type\":\"WebPage\",\"@id\":\"https:\\\/\\\/einsamobile.de\\\/en\\\/impressum\\\/\",\"url\":\"https:\\\/\\\/einsamobile.de\\\/en\\\/impressum\\\/\",\"name\":\"Impressum - einsAmobile.de\",\"isPartOf\":{\"@id\":\"https:\\\/\\\/einsamobile.de\\\/en\\\/#website\"},\"datePublished\":\"2023-02-07T07:58:07+00:00\",\"dateModified\":\"2025-10-29T16:56:11+00:00\",\"breadcrumb\":{\"@id\":\"https:\\\/\\\/einsamobile.de\\\/en\\\/impressum\\\/#breadcrumb\"},\"inLanguage\":\"en-US\",\"potentialAction\":[{\"@type\":\"ReadAction\",\"target\":[\"https:\\\/\\\/einsamobile.de\\\/en\\\/impressum\\\/\"]}]},{\"@type\":\"BreadcrumbList\",\"@id\":\"https:\\\/\\\/einsamobile.de\\\/en\\\/impressum\\\/#breadcrumb\",\"itemListElement\":[{\"@type\":\"ListItem\",\"position\":1,\"name\":\"Startseite\",\"item\":\"https:\\\/\\\/einsamobile.de\\\/en\\\/\"},{\"@type\":\"ListItem\",\"position\":2,\"name\":\"Impressum\"}]},{\"@type\":\"WebSite\",\"@id\":\"https:\\\/\\\/einsamobile.de\\\/en\\\/#website\",\"url\":\"https:\\\/\\\/einsamobile.de\\\/en\\\/\",\"name\":\"einsAmobile.de\",\"description\":\"\",\"publisher\":{\"@id\":\"https:\\\/\\\/einsamobile.de\\\/en\\\/#organization\"},\"potentialAction\":[{\"@type\":\"SearchAction\",\"target\":{\"@type\":\"EntryPoint\",\"urlTemplate\":\"https:\\\/\\\/einsamobile.de\\\/en\\\/?s={search_term_string}\"},\"query-input\":{\"@type\":\"PropertyValueSpecification\",\"valueRequired\":true,\"valueName\":\"search_term_string\"}}],\"inLanguage\":\"en-US\"},{\"@type\":\"Organization\",\"@id\":\"https:\\\/\\\/einsamobile.de\\\/en\\\/#organization\",\"name\":\"einsAmobile GmbH\",\"url\":\"https:\\\/\\\/einsamobile.de\\\/en\\\/\",\"logo\":{\"@type\":\"ImageObject\",\"inLanguage\":\"en-US\",\"@id\":\"https:\\\/\\\/einsamobile.de\\\/en\\\/#\\\/schema\\\/logo\\\/image\\\/\",\"url\":\"http:\\\/\\\/94.130.235.74\\\/wp-content\\\/uploads\\\/2023\\\/02\\\/Logo-Slogan-regular-BG-PNG-500px.png\",\"contentUrl\":\"http:\\\/\\\/94.130.235.74\\\/wp-content\\\/uploads\\\/2023\\\/02\\\/Logo-Slogan-regular-BG-PNG-500px.png\",\"width\":500,\"height\":90,\"caption\":\"einsAmobile GmbH\"},\"image\":{\"@id\":\"https:\\\/\\\/einsamobile.de\\\/en\\\/#\\\/schema\\\/logo\\\/image\\\/\"},\"sameAs\":[\"https:\\\/\\\/www.facebook.com\\\/einsAmobile\\\/\",\"https:\\\/\\\/www.xing.com\\\/companies\\\/einsamobilegmbh\",\"https:\\\/\\\/www.instagram.com\\\/einsamobile\\\/\",\"https:\\\/\\\/www.linkedin.com\\\/company\\\/einsamobile-gmbh\\\/\"]}]}<\/script>\n<!-- \/ Yoast SEO plugin. -->","yoast_head_json":{"title":"Impressum - einsAmobile.de","robots":{"index":"index","follow":"follow","max-snippet":"max-snippet:-1","max-image-preview":"max-image-preview:large","max-video-preview":"max-video-preview:-1"},"canonical":"https:\/\/einsamobile.de\/en\/impressum\/","og_locale":"en_US","og_type":"article","og_title":"Impressum - einsAmobile.de","og_description":"Impressum einsAmobile GmbH Dipl.-Ing. Murat AyhanDipl.-Kfm. Ralf GrundhoffSamerwiesen 6 63179 ObertshausenGermany E-Mail:E-Mail Vertrieb:Web: Tel.:Fax: kontakt@einsamobile.desupport@einsamobile.dewww.einsamobile.de +49 (0) 6104 \/ 4057 &#8211; 0 (Zentrale) &#8211; 300 (Vertrieb)+49 (0) 6104 \/ 4057 &#8211; 709 (Zentrale) Inhaltlich Verantwortlicher gem\u00e4\u00df \u00a7 55 Absatz 2 Rundfunk-Staatsvertrag (RStV)Dipl.-Ing. Murat Ayhan,\u00a0Dipl.-Kfm. Ralf Grundhoff Vertreten durch:Dipl.-Ing. Murat Ayhan,\u00a0Dipl.-Kfm. Ralf Grundhoff Registernummer: HRB 41574Registergericht: ... Read more","og_url":"https:\/\/einsamobile.de\/en\/impressum\/","og_site_name":"einsAmobile.de","article_publisher":"https:\/\/www.facebook.com\/einsAmobile\/","article_modified_time":"2025-10-29T16:56:11+00:00","twitter_card":"summary_large_image","twitter_misc":{"Est. reading time":"3 minutes"},"schema":{"@context":"https:\/\/schema.org","@graph":[{"@type":"WebPage","@id":"https:\/\/einsamobile.de\/en\/impressum\/","url":"https:\/\/einsamobile.de\/en\/impressum\/","name":"Impressum - einsAmobile.de","isPartOf":{"@id":"https:\/\/einsamobile.de\/en\/#website"},"datePublished":"2023-02-07T07:58:07+00:00","dateModified":"2025-10-29T16:56:11+00:00","breadcrumb":{"@id":"https:\/\/einsamobile.de\/en\/impressum\/#breadcrumb"},"inLanguage":"en-US","potentialAction":[{"@type":"ReadAction","target":["https:\/\/einsamobile.de\/en\/impressum\/"]}]},{"@type":"BreadcrumbList","@id":"https:\/\/einsamobile.de\/en\/impressum\/#breadcrumb","itemListElement":[{"@type":"ListItem","position":1,"name":"Startseite","item":"https:\/\/einsamobile.de\/en\/"},{"@type":"ListItem","position":2,"name":"Impressum"}]},{"@type":"WebSite","@id":"https:\/\/einsamobile.de\/en\/#website","url":"https:\/\/einsamobile.de\/en\/","name":"einsAmobile.de","description":"","publisher":{"@id":"https:\/\/einsamobile.de\/en\/#organization"},"potentialAction":[{"@type":"SearchAction","target":{"@type":"EntryPoint","urlTemplate":"https:\/\/einsamobile.de\/en\/?s={search_term_string}"},"query-input":{"@type":"PropertyValueSpecification","valueRequired":true,"valueName":"search_term_string"}}],"inLanguage":"en-US"},{"@type":"Organization","@id":"https:\/\/einsamobile.de\/en\/#organization","name":"einsAmobile GmbH","url":"https:\/\/einsamobile.de\/en\/","logo":{"@type":"ImageObject","inLanguage":"en-US","@id":"https:\/\/einsamobile.de\/en\/#\/schema\/logo\/image\/","url":"http:\/\/94.130.235.74\/wp-content\/uploads\/2023\/02\/Logo-Slogan-regular-BG-PNG-500px.png","contentUrl":"http:\/\/94.130.235.74\/wp-content\/uploads\/2023\/02\/Logo-Slogan-regular-BG-PNG-500px.png","width":500,"height":90,"caption":"einsAmobile GmbH"},"image":{"@id":"https:\/\/einsamobile.de\/en\/#\/schema\/logo\/image\/"},"sameAs":["https:\/\/www.facebook.com\/einsAmobile\/","https:\/\/www.xing.com\/companies\/einsamobilegmbh","https:\/\/www.instagram.com\/einsamobile\/","https:\/\/www.linkedin.com\/company\/einsamobile-gmbh\/"]}]}},"_links":{"self":[{"href":"https:\/\/einsamobile.de\/en\/wp-json\/wp\/v2\/pages\/219","targetHints":{"allow":["GET"]}}],"collection":[{"href":"https:\/\/einsamobile.de\/en\/wp-json\/wp\/v2\/pages"}],"about":[{"href":"https:\/\/einsamobile.de\/en\/wp-json\/wp\/v2\/types\/page"}],"author":[{"embeddable":true,"href":"https:\/\/einsamobile.de\/en\/wp-json\/wp\/v2\/users\/1"}],"replies":[{"embeddable":true,"href":"https:\/\/einsamobile.de\/en\/wp-json\/wp\/v2\/comments?post=219"}],"version-history":[{"count":52,"href":"https:\/\/einsamobile.de\/en\/wp-json\/wp\/v2\/pages\/219\/revisions"}],"predecessor-version":[{"id":5491,"href":"https:\/\/einsamobile.de\/en\/wp-json\/wp\/v2\/pages\/219\/revisions\/5491"}],"wp:attachment":[{"href":"https:\/\/einsamobile.de\/en\/wp-json\/wp\/v2\/media?parent=219"}],"curies":[{"name":"wp","href":"https:\/\/api.w.org\/{rel}","templated":true}]}}